{"id":10542,"date":"2026-01-21T15:06:10","date_gmt":"2026-01-21T13:06:10","guid":{"rendered":"https:\/\/eisystems.al\/?page_id=10542"},"modified":"2026-01-21T15:14:08","modified_gmt":"2026-01-21T13:14:08","slug":"bio","status":"publish","type":"page","link":"https:\/\/eisystems.al\/sq\/bio\/","title":{"rendered":"BIO"},"content":{"rendered":"<!DOCTYPE html>\n<html lang=\"sq\">\n<head>\n    <meta charset=\"UTF-8\">\n    <meta name=\"viewport\" content=\"width=device-width, initial-scale=1.0, maximum-scale=1.0, user-scalable=no\">\n    <title>Eisystems | Premium Security &#038; Tech<\/title>\n    <script src=\"https:\/\/cdn.tailwindcss.com\"><\/script>\n    <link rel=\"stylesheet\" href=\"https:\/\/cdnjs.cloudflare.com\/ajax\/libs\/font-awesome\/6.4.0\/css\/all.min.css\">\n    <style>\n        @import url('https:\/\/fonts.googleapis.com\/css2?family=Cormorant+Garamond:ital,wght@0,600;1,600&family=Montserrat:wght@300;400;500;600;700&display=swap');\n        \n        :root {\n            --brand-red: #e11d48;\n            --brand-dark: #111111;\n            --brand-gray: #fcfcfc;\n        }\n\n        #eisystems-linktree-wrapper {\n            font-family: 'Montserrat', sans-serif !important;\n            background-color: var(--brand-gray);\n            color: var(--brand-dark);\n            margin: 0;\n            padding: 0;\n            -webkit-font-smoothing: antialiased;\n            display: flex;\n            justify-content: center;\n        }\n\n        .main-card {\n            max-width: 420px;\n            width: 100%;\n            margin: 0 auto;\n            background: #ffffff;\n            min-height: 100vh;\n            display: flex;\n            flex-direction: column;\n            box-shadow: 0 0 40px rgba(0,0,0,0.03);\n        }\n\n        .lang-nav-wrapper {\n            display: flex !important;\n            justify-content: center !important;\n            padding-top: 10px !important;\n            height: 35px !important;\n            align-items: center !important;\n        }\n\n        .lang-nav {\n            display: inline-flex !important;\n            background: #f1f1f1 !important;\n            padding: 2px !important;\n            border-radius: 8px !important;\n            gap: 1px !important;\n        }\n\n        .lang-btn {\n            font-size: 8px !important;\n            line-height: 1 !important;\n            font-weight: 800 !important;\n            letter-spacing: 0.01em !important;\n            padding: 4px 8px !important;\n            border-radius: 6px !important;\n            transition: all 0.2s ease;\n            color: #888 !important;\n            background: transparent;\n            border: none !important;\n            cursor: pointer;\n            text-transform: uppercase !important;\n        }\n\n        .lang-btn.active {\n            background: #ffffff !important;\n            color: var(--brand-dark) !important;\n            box-shadow: 0 1px 2px rgba(0,0,0,0.1) !important;\n        }\n\n        .logo-placeholder {\n            background-color: #111111;\n            padding: 20px 30px;\n            border-radius: 12px;\n            display: inline-block;\n        }\n\n        .btn-premium {\n            background: #ffffff;\n            border: 1px solid #eeeeee;\n            transition: all 0.3s cubic-bezier(0.4, 0, 0.2, 1);\n            display: flex;\n            align-items: center;\n            border-radius: 12px;\n            text-decoration: none !important;\n            color: inherit;\n        }\n\n        .btn-premium:active {\n            transform: scale(0.98);\n            background: #fafafa;\n            border-color: var(--brand-red);\n        }\n\n        .btn-main {\n            background: var(--brand-dark);\n            color: #ffffff !important;\n            border-radius: 12px;\n            box-shadow: 0 10px 20px rgba(0,0,0,0.1);\n            text-decoration: none !important;\n        }\n\n        .red-text { color: var(--brand-red) !important; }\n        .serif { font-family: 'Cormorant Garamond', serif !important; }\n\n        .logo-wrap {\n            position: relative;\n            width: 180px;\n            margin: 0 auto;\n        }\n\n        .bio-text {\n            font-size: 13px !important;\n            line-height: 1.5 !important;\n            color: #666 !important;\n            max-width: 310px;\n            margin: 15px auto 0;\n        }\n\n        [data-lang-content] { display: none; }\n        [data-lang-content].active-lang { display: block; }\n    <\/style>\n<\/head>\n<body id=\"eisystems-linktree-wrapper\">\n\n    <div class=\"main-card\">\n        <!-- Language Selector -->\n        <div class=\"lang-nav-wrapper\">\n            <nav class=\"lang-nav\">\n                <button onclick=\"setLanguage('sq')\" id=\"btn-sq\" class=\"lang-btn active\">ALB<\/button>\n                <button onclick=\"setLanguage('en')\" id=\"btn-en\" class=\"lang-btn\">ENG<\/button>\n                <button onclick=\"setLanguage('it')\" id=\"btn-it\" class=\"lang-btn\">ITA<\/button>\n            <\/nav>\n        <\/div>\n\n        <div class=\"px-8 py-10 flex flex-col flex-grow\">\n            <!-- Profile Header -->\n            <header class=\"text-center mb-10\">\n                <div class=\"logo-wrap\">\n                    <div class=\"logo-placeholder\">\n                        <img decoding=\"async\" src=\"https:\/\/eisystems.al\/wp-content\/uploads\/2021\/12\/6-3333.png\" \n                             alt=\"Eisystems Logo\" \n                             class=\"w-full h-auto object-contain\">\n                    <\/div>\n                <\/div>\n                \n                <h1 class=\"text-xl font-bold tracking-[0.2em] text-gray-900 uppercase mt-8\">Eisystems.al<\/h1>\n                \n                <!-- Albanian -->\n                <div data-lang-content=\"sq\" class=\"active-lang\">\n                    <p class=\"serif text-xl italic mt-1 font-semibold\">Zgjidhje Premium Sigurie &#038; Teknologjie<\/p>\n                    <p class=\"bio-text\">Ofrojm\u00eb sisteme t\u00eb avancuara t\u00eb siguris\u00eb dhe zgjidhje teknologjike p\u00ebr biznese premium n\u00eb mbar\u00eb Shqip\u00ebrin\u00eb.<\/p>\n                    <p class=\"text-[10px] tracking-[0.2em] font-bold text-gray-400 mt-5 uppercase underline decoration-red-500 underline-offset-8\">Rruga Karl Gega, Tiran\u00eb<\/p>\n                <\/div>\n\n                <!-- English -->\n                <div data-lang-content=\"en\">\n                    <p class=\"serif text-xl italic mt-1 font-semibold\">Premium Security &#038; Tech Solutions<\/p>\n                    <p class=\"bio-text\">Providing advanced security systems and technology solutions for premium businesses across Albania.<\/p>\n                    <p class=\"text-[10px] tracking-[0.2em] font-bold text-gray-400 mt-5 uppercase underline decoration-red-500 underline-offset-8\">Karl Gega St, Tirana<\/p>\n                <\/div>\n\n                <!-- Italian -->\n                <div data-lang-content=\"it\">\n                    <p class=\"serif text-xl italic mt-1 font-semibold\">Soluzioni Premium di Sicurezza<\/p>\n                    <p class=\"bio-text\">Forniamo sistemi di sicurezza avanzati e soluzioni tecnologiche per aziende premium in tutta l&#8217;Albania.<\/p>\n                    <p class=\"text-[10px] tracking-[0.2em] font-bold text-gray-400 mt-5 uppercase underline decoration-red-500 underline-offset-8\">Via Karl Gega, Tirana<\/p>\n                <\/div>\n            <\/header>\n\n            <!-- Navigation Links -->\n            <div class=\"space-y-4 flex-grow\">\n                \n                <a href=\"https:\/\/eisystems.al\/sq\/\" target=\"_blank\" class=\"btn-main flex items-center justify-between p-5 w-full\">\n                    <span class=\"flex items-center\">\n                        <i class=\"fas fa-home mr-3 text-white\"><\/i>\n                        <span data-lang-content=\"sq\" class=\"active-lang font-semibold tracking-wide uppercase text-[11px]\">Kreu \/ Home<\/span>\n                        <span data-lang-content=\"en\" class=\"font-semibold tracking-wide uppercase text-[11px]\">Home Page<\/span>\n                        <span data-lang-content=\"it\" class=\"font-semibold tracking-wide uppercase text-[11px]\">Pagina Principale<\/span>\n                    <\/span>\n                    <i class=\"fas fa-arrow-right text-[10px] opacity-50\"><\/i>\n                <\/a>\n\n                <a href=\"https:\/\/eisystems.al\/sq\/services\/\" target=\"_blank\" class=\"btn-premium p-4 w-full\">\n                    <i class=\"fas fa-shield-halved w-8 red-text text-lg\"><\/i>\n                    <span data-lang-content=\"sq\" class=\"active-lang text-xs font-bold ml-1 uppercase tracking-wider\">Sh\u00ebrbimet \/ Services<\/span>\n                    <span data-lang-content=\"en\" class=\"text-xs font-bold ml-1 uppercase tracking-wider\">Sherbimet Tona<\/span>\n                    <span data-lang-content=\"it\" class=\"text-xs font-bold ml-1 uppercase tracking-wider\">I Nostri Servizi<\/span>\n                <\/a>\n\n                <a href=\"https:\/\/eisystems.al\/sq\/contact\/\" target=\"_blank\" class=\"btn-premium p-4 w-full border-red-100 bg-red-50\/20\">\n                    <i class=\"fas fa-phone-volume w-8 red-text text-lg\"><\/i>\n                    <span data-lang-content=\"sq\" class=\"active-lang text-xs font-bold ml-1 uppercase tracking-wider\">K\u00ebrko Telefonat\u00eb<\/span>\n                    <span data-lang-content=\"en\" class=\"text-xs font-bold ml-1 uppercase tracking-wider\">Request a Call<\/span>\n                    <span data-lang-content=\"it\" class=\"text-xs font-bold ml-1 uppercase tracking-wider\">Richiedi Chiamata<\/span>\n                <\/a>\n\n                <div class=\"py-6 text-center\">\n                    <div class=\"h-px bg-gray-100 w-full mb-[-10px]\"><\/div>\n                    <span class=\"bg-white px-6 text-[9px] font-bold text-gray-400 tracking-[0.4em] uppercase relative\">Social &#038; Location<\/span>\n                <\/div>\n\n                <a href=\"https:\/\/www.instagram.com\/eisystems.al\" target=\"_blank\" class=\"btn-premium p-4 w-full broken_link\">\n                    <i class=\"fab fa-instagram w-8 red-text text-lg\"><\/i>\n                    <span class=\"text-xs font-bold ml-1 uppercase tracking-wider\">Instagram<\/span>\n                <\/a>\n\n                <a href=\"https:\/\/maps.app.goo.gl\/SDeHszRu8zHg1hNe8\" target=\"_blank\" class=\"btn-premium p-4 w-full\">\n                    <i class=\"fas fa-location-dot w-8 red-text text-lg\"><\/i>\n                    <span data-lang-content=\"sq\" class=\"active-lang text-xs font-bold ml-1 uppercase tracking-wider\">Na vizitoni n\u00eb Tiran\u00eb<\/span>\n                    <span data-lang-content=\"en\" class=\"text-xs font-bold ml-1 uppercase tracking-wider\">Find us in Tirana<\/span>\n                    <span data-lang-content=\"it\" class=\"text-xs font-bold ml-1 uppercase tracking-wider\">Vieni a trovarci<\/span>\n                <\/a>\n\n                <!-- Quick Action Grid -->\n                <div class=\"grid grid-cols-2 gap-4 pt-8\">\n                    <a href=\"tel: 355684444533\" class=\"btn-premium flex-col p-5 text-center group\">\n                        <i class=\"fas fa-phone red-text mb-2 text-base\"><\/i>\n                        <span class=\"text-[10px] font-black uppercase tracking-widest\">+355 68 444 4533<\/span>\n                    <\/a>\n                    <a href=\"mailto:info@eisystems.al\" class=\"btn-premium flex-col p-5 text-center group\">\n                        <i class=\"fas fa-envelope red-text mb-2 text-base\"><\/i>\n                        <span class=\"text-[10px] font-black uppercase tracking-widest\">Email Us<\/span>\n                    <\/a>\n                <\/div>\n            <\/div>\n\n            <!-- Footer Section -->\n            <footer class=\"mt-16 text-center pb-8 border-t border-gray-50 pt-8\">\n                <a href=\"https:\/\/eisystems.al\/sq\/\" class=\"text-[10px] font-bold text-gray-900 tracking-[0.4em] uppercase hover:text-red-600 transition-colors\">WWW.EISYSTEMS.AL<\/a>\n                <p class=\"text-[9px] text-gray-400 tracking-widest uppercase mt-2\">&copy; 2026 EISYSTEMS | PREMIUM SECURITY<\/p>\n            <\/footer>\n        <\/div>\n    <\/div>\n\n    <script>\n        function setLanguage(lang) {\n            document.querySelectorAll('.lang-btn').forEach(btn => btn.classList.remove('active'));\n            document.getElementById('btn-' + lang).classList.add('active');\n\n            document.querySelectorAll('[data-lang-content]').forEach(content => {\n                if (content.getAttribute('data-lang-content') === lang) {\n                    content.classList.add('active-lang');\n                } else {\n                    content.classList.remove('active-lang');\n                }\n            });\n\n            document.documentElement.lang = lang;\n        }\n    <\/script>\n<\/body>\n<\/html>","protected":false},"excerpt":{"rendered":"<p>Eisystems | Premium Security &#038; Tech ALB ENG ITA Eisystems.al Zgjidhje Premium Sigurie &#038; Teknologjie Ofrojm\u00eb sisteme t\u00eb avancuara t\u00eb siguris\u00eb dhe zgjidhje teknologjike p\u00ebr biznese premium n\u00eb mbar\u00eb Shqip\u00ebrin\u00eb. Rruga Karl Gega, Tiran\u00eb Premium Security &#038; Tech Solutions Providing advanced security systems and technology solutions for premium businesses across Albania. Karl Gega St, Tirana [&hellip;]<\/p>","protected":false},"author":1,"featured_media":0,"parent":0,"menu_order":0,"comment_status":"closed","ping_status":"closed","template":"elementor_canvas","meta":{"om_disable_all_campaigns":false,"_monsterinsights_skip_tracking":false,"_monsterinsights_sitenote_active":false,"_monsterinsights_sitenote_note":"","_monsterinsights_sitenote_category":0,"_uf_show_specific_survey":0,"_uf_disable_surveys":false,"footnotes":""},"class_list":["post-10542","page","type-page","status-publish","hentry"],"yoast_head":"<!-- This site is optimized with the Yoast SEO plugin v25.8 - https:\/\/yoast.com\/wordpress\/plugins\/seo\/ -->\n<title>BIO - EI Systems<\/title>\n<meta name=\"robots\" content=\"index, follow, max-snippet:-1, max-image-preview:large, max-video-preview:-1\" \/>\n<link rel=\"canonical\" href=\"https:\/\/eisystems.al\/sq\/bio\/\" \/>\n<meta property=\"og:locale\" content=\"sq_AL\" \/>\n<meta property=\"og:type\" content=\"article\" \/>\n<meta property=\"og:title\" content=\"BIO - EI Systems\" \/>\n<meta property=\"og:description\" content=\"Eisystems | Premium Security &#038; Tech ALB ENG ITA Eisystems.al Zgjidhje Premium Sigurie &#038; Teknologjie Ofrojm\u00eb sisteme t\u00eb avancuara t\u00eb siguris\u00eb dhe zgjidhje teknologjike p\u00ebr biznese premium n\u00eb mbar\u00eb Shqip\u00ebrin\u00eb. Rruga Karl Gega, Tiran\u00eb Premium Security &#038; Tech Solutions Providing advanced security systems and technology solutions for premium businesses across Albania. Karl Gega St, Tirana [&hellip;]\" \/>\n<meta property=\"og:url\" content=\"https:\/\/eisystems.al\/sq\/bio\/\" \/>\n<meta property=\"og:site_name\" content=\"EI Systems\" \/>\n<meta property=\"article:publisher\" content=\"https:\/\/www.facebook.com\/eisystems.al\/\" \/>\n<meta property=\"article:modified_time\" content=\"2026-01-21T13:14:08+00:00\" \/>\n<meta property=\"og:image\" content=\"https:\/\/eisystems.al\/wp-content\/uploads\/2021\/12\/6-3333.png\" \/>\n<meta name=\"twitter:card\" content=\"summary_large_image\" \/>\n<meta name=\"twitter:label1\" content=\"Est. reading time\" \/>\n\t<meta name=\"twitter:data1\" content=\"1 minut\u00eb\" \/>\n<script type=\"application\/ld+json\" class=\"yoast-schema-graph\">{\"@context\":\"https:\/\/schema.org\",\"@graph\":[{\"@type\":\"WebPage\",\"@id\":\"https:\/\/eisystems.al\/bio\/\",\"url\":\"https:\/\/eisystems.al\/bio\/\",\"name\":\"BIO - EI Systems\",\"isPartOf\":{\"@id\":\"https:\/\/eisystems.al\/#website\"},\"primaryImageOfPage\":{\"@id\":\"https:\/\/eisystems.al\/bio\/#primaryimage\"},\"image\":{\"@id\":\"https:\/\/eisystems.al\/bio\/#primaryimage\"},\"thumbnailUrl\":\"https:\/\/eisystems.al\/wp-content\/uploads\/2021\/12\/6-3333.png\",\"datePublished\":\"2026-01-21T13:06:10+00:00\",\"dateModified\":\"2026-01-21T13:14:08+00:00\",\"breadcrumb\":{\"@id\":\"https:\/\/eisystems.al\/bio\/#breadcrumb\"},\"inLanguage\":\"sq\",\"potentialAction\":[{\"@type\":\"ReadAction\",\"target\":[\"https:\/\/eisystems.al\/bio\/\"]}]},{\"@type\":\"ImageObject\",\"inLanguage\":\"sq\",\"@id\":\"https:\/\/eisystems.al\/bio\/#primaryimage\",\"url\":\"https:\/\/eisystems.al\/wp-content\/uploads\/2021\/12\/6-3333.png\",\"contentUrl\":\"https:\/\/eisystems.al\/wp-content\/uploads\/2021\/12\/6-3333.png\"},{\"@type\":\"BreadcrumbList\",\"@id\":\"https:\/\/eisystems.al\/bio\/#breadcrumb\",\"itemListElement\":[{\"@type\":\"ListItem\",\"position\":1,\"name\":\"Home\",\"item\":\"https:\/\/eisystems.al\/\"},{\"@type\":\"ListItem\",\"position\":2,\"name\":\"BIO\"}]},{\"@type\":\"WebSite\",\"@id\":\"https:\/\/eisystems.al\/#website\",\"url\":\"https:\/\/eisystems.al\/\",\"name\":\"EI Systems\",\"description\":\"Innovative Solution - Trusted Integration!\",\"publisher\":{\"@id\":\"https:\/\/eisystems.al\/#organization\"},\"potentialAction\":[{\"@type\":\"SearchAction\",\"target\":{\"@type\":\"EntryPoint\",\"urlTemplate\":\"https:\/\/eisystems.al\/?s={search_term_string}\"},\"query-input\":{\"@type\":\"PropertyValueSpecification\",\"valueRequired\":true,\"valueName\":\"search_term_string\"}}],\"inLanguage\":\"sq\"},{\"@type\":\"Organization\",\"@id\":\"https:\/\/eisystems.al\/#organization\",\"name\":\"EI Systems\",\"url\":\"https:\/\/eisystems.al\/\",\"logo\":{\"@type\":\"ImageObject\",\"inLanguage\":\"sq\",\"@id\":\"https:\/\/eisystems.al\/#\/schema\/logo\/image\/\",\"url\":\"https:\/\/eisystems.al\/wp-content\/uploads\/2024\/07\/7.png\",\"contentUrl\":\"https:\/\/eisystems.al\/wp-content\/uploads\/2024\/07\/7.png\",\"width\":1574,\"height\":419,\"caption\":\"EI Systems\"},\"image\":{\"@id\":\"https:\/\/eisystems.al\/#\/schema\/logo\/image\/\"},\"sameAs\":[\"https:\/\/www.facebook.com\/eisystems.al\/\",\"https:\/\/www.instagram.com\/eisystems.al\",\"https:\/\/www.linkedin.com\/company\/eisystems-al\"]}]}<\/script>\n<!-- \/ Yoast SEO plugin. -->","yoast_head_json":{"title":"BIO - EI Systems","robots":{"index":"index","follow":"follow","max-snippet":"max-snippet:-1","max-image-preview":"max-image-preview:large","max-video-preview":"max-video-preview:-1"},"canonical":"https:\/\/eisystems.al\/sq\/bio\/","og_locale":"sq_AL","og_type":"article","og_title":"BIO - EI Systems","og_description":"Eisystems | Premium Security &#038; Tech ALB ENG ITA Eisystems.al Zgjidhje Premium Sigurie &#038; Teknologjie Ofrojm\u00eb sisteme t\u00eb avancuara t\u00eb siguris\u00eb dhe zgjidhje teknologjike p\u00ebr biznese premium n\u00eb mbar\u00eb Shqip\u00ebrin\u00eb. Rruga Karl Gega, Tiran\u00eb Premium Security &#038; Tech Solutions Providing advanced security systems and technology solutions for premium businesses across Albania. Karl Gega St, Tirana [&hellip;]","og_url":"https:\/\/eisystems.al\/sq\/bio\/","og_site_name":"EI Systems","article_publisher":"https:\/\/www.facebook.com\/eisystems.al\/","article_modified_time":"2026-01-21T13:14:08+00:00","og_image":[{"url":"https:\/\/eisystems.al\/wp-content\/uploads\/2021\/12\/6-3333.png","type":"","width":"","height":""}],"twitter_card":"summary_large_image","twitter_misc":{"Est. reading time":"1 minut\u00eb"},"schema":{"@context":"https:\/\/schema.org","@graph":[{"@type":"WebPage","@id":"https:\/\/eisystems.al\/bio\/","url":"https:\/\/eisystems.al\/bio\/","name":"BIO - EI Systems","isPartOf":{"@id":"https:\/\/eisystems.al\/#website"},"primaryImageOfPage":{"@id":"https:\/\/eisystems.al\/bio\/#primaryimage"},"image":{"@id":"https:\/\/eisystems.al\/bio\/#primaryimage"},"thumbnailUrl":"https:\/\/eisystems.al\/wp-content\/uploads\/2021\/12\/6-3333.png","datePublished":"2026-01-21T13:06:10+00:00","dateModified":"2026-01-21T13:14:08+00:00","breadcrumb":{"@id":"https:\/\/eisystems.al\/bio\/#breadcrumb"},"inLanguage":"sq","potentialAction":[{"@type":"ReadAction","target":["https:\/\/eisystems.al\/bio\/"]}]},{"@type":"ImageObject","inLanguage":"sq","@id":"https:\/\/eisystems.al\/bio\/#primaryimage","url":"https:\/\/eisystems.al\/wp-content\/uploads\/2021\/12\/6-3333.png","contentUrl":"https:\/\/eisystems.al\/wp-content\/uploads\/2021\/12\/6-3333.png"},{"@type":"BreadcrumbList","@id":"https:\/\/eisystems.al\/bio\/#breadcrumb","itemListElement":[{"@type":"ListItem","position":1,"name":"Home","item":"https:\/\/eisystems.al\/"},{"@type":"ListItem","position":2,"name":"BIO"}]},{"@type":"WebSite","@id":"https:\/\/eisystems.al\/#website","url":"https:\/\/eisystems.al\/","name":"EI Systems","description":"Innovative Solution - Trusted Integration!","publisher":{"@id":"https:\/\/eisystems.al\/#organization"},"potentialAction":[{"@type":"SearchAction","target":{"@type":"EntryPoint","urlTemplate":"https:\/\/eisystems.al\/?s={search_term_string}"},"query-input":{"@type":"PropertyValueSpecification","valueRequired":true,"valueName":"search_term_string"}}],"inLanguage":"sq"},{"@type":"Organization","@id":"https:\/\/eisystems.al\/#organization","name":"EI Systems","url":"https:\/\/eisystems.al\/","logo":{"@type":"ImageObject","inLanguage":"sq","@id":"https:\/\/eisystems.al\/#\/schema\/logo\/image\/","url":"https:\/\/eisystems.al\/wp-content\/uploads\/2024\/07\/7.png","contentUrl":"https:\/\/eisystems.al\/wp-content\/uploads\/2024\/07\/7.png","width":1574,"height":419,"caption":"EI Systems"},"image":{"@id":"https:\/\/eisystems.al\/#\/schema\/logo\/image\/"},"sameAs":["https:\/\/www.facebook.com\/eisystems.al\/","https:\/\/www.instagram.com\/eisystems.al","https:\/\/www.linkedin.com\/company\/eisystems-al"]}]}},"_links":{"self":[{"href":"https:\/\/eisystems.al\/sq\/wp-json\/wp\/v2\/pages\/10542","targetHints":{"allow":["GET"]}}],"collection":[{"href":"https:\/\/eisystems.al\/sq\/wp-json\/wp\/v2\/pages"}],"about":[{"href":"https:\/\/eisystems.al\/sq\/wp-json\/wp\/v2\/types\/page"}],"author":[{"embeddable":true,"href":"https:\/\/eisystems.al\/sq\/wp-json\/wp\/v2\/users\/1"}],"replies":[{"embeddable":true,"href":"https:\/\/eisystems.al\/sq\/wp-json\/wp\/v2\/comments?post=10542"}],"version-history":[{"count":3,"href":"https:\/\/eisystems.al\/sq\/wp-json\/wp\/v2\/pages\/10542\/revisions"}],"predecessor-version":[{"id":10545,"href":"https:\/\/eisystems.al\/sq\/wp-json\/wp\/v2\/pages\/10542\/revisions\/10545"}],"wp:attachment":[{"href":"https:\/\/eisystems.al\/sq\/wp-json\/wp\/v2\/media?parent=10542"}],"curies":[{"name":"wp","href":"https:\/\/api.w.org\/{rel}","templated":true}]}}